{"id":21,"date":"2025-07-03T16:15:56","date_gmt":"2025-07-03T14:15:56","guid":{"rendered":"http:\/\/artethappy.be\/index.php\/one-page-express\/"},"modified":"2025-11-12T19:47:51","modified_gmt":"2025-11-12T18:47:51","slug":"one-page-express","status":"publish","type":"page","link":"http:\/\/artethappy.be\/","title":{"rendered":"Cr\u00e9er pour s&rsquo;\u00e9panouir"},"content":{"rendered":"\n<div class=\"wp-block-buttons is-content-justification-center is-layout-flex wp-container-core-buttons-is-layout-a89b3969 wp-block-buttons-is-layout-flex\">\n<div class=\"wp-block-button is-style-fill\"><a class=\"wp-block-button__link wp-element-button\" href=\"http:\/\/artethappy.be\/index.php\/a-propos\/\"><strong>A propos<\/strong><\/a><\/div>\n\n\n\n<div class=\"wp-block-button is-style-fill\"><a class=\"wp-block-button__link wp-element-button\" href=\"https:\/\/www.facebook.com\/profile.php?id=61578213322994\"><strong>Nos prochains ateliers<\/strong><\/a><\/div>\n\n\n\n<div class=\"wp-block-button is-style-fill\"><a class=\"wp-block-button__link wp-element-button\" href=\"http:\/\/artethappy.be\/index.php\/contact\/\"><strong>Contact<\/strong><\/a><\/div>\n<\/div>\n\n\n\n<ul class=\"wp-block-social-links has-huge-icon-size is-content-justification-center is-layout-flex wp-container-core-social-links-is-layout-a89b3969 wp-block-social-links-is-layout-flex\"><li class=\"wp-social-link wp-social-link-facebook  wp-block-social-link\"><a href=\"https:\/\/www.facebook.com\/profile.php?id=61578213322994\" class=\"wp-block-social-link-anchor\"><svg width=\"24\" height=\"24\" viewBox=\"0 0 24 24\" version=\"1.1\" xmlns=\"http:\/\/www.w3.org\/2000\/svg\" aria-hidden=\"true\" focusable=\"false\"><path d=\"M12 2C6.5 2 2 6.5 2 12c0 5 3.7 9.1 8.4 9.9v-7H7.9V12h2.5V9.8c0-2.5 1.5-3.9 3.8-3.9 1.1 0 2.2.2 2.2.2v2.5h-1.3c-1.2 0-1.6.8-1.6 1.6V12h2.8l-.4 2.9h-2.3v7C18.3 21.1 22 17 22 12c0-5.5-4.5-10-10-10z\"><\/path><\/svg><span class=\"wp-block-social-link-label screen-reader-text\">Facebook<\/span><\/a><\/li><\/ul>\n\n\n\n<div class=\"wp-block-media-text is-stacked-on-mobile\"><figure class=\"wp-block-media-text__media\"><img loading=\"lazy\" decoding=\"async\" width=\"940\" height=\"788\" src=\"http:\/\/artethappy.be\/wp-content\/uploads\/2025\/11\/AH-Publications-FB-6.png\" alt=\"\" class=\"wp-image-137 size-full\" srcset=\"http:\/\/artethappy.be\/wp-content\/uploads\/2025\/11\/AH-Publications-FB-6.png 940w, http:\/\/artethappy.be\/wp-content\/uploads\/2025\/11\/AH-Publications-FB-6-300x251.png 300w, http:\/\/artethappy.be\/wp-content\/uploads\/2025\/11\/AH-Publications-FB-6-768x644.png 768w\" sizes=\"auto, (max-width: 940px) 100vw, 940px\" \/><\/figure><div class=\"wp-block-media-text__content\">\n<p><strong>Chemin vers Soi \u2013 Module d&rsquo;Ateliers d\u2019Art-Th\u00e9rapie<\/strong><\/p>\n\n\n\n<div class=\"wp-block-buttons is-content-justification-center is-layout-flex wp-container-core-buttons-is-layout-a89b3969 wp-block-buttons-is-layout-flex\">\n<div class=\"wp-block-button\"><a class=\"wp-block-button__link wp-element-button\" href=\"https:\/\/docs.google.com\/forms\/d\/e\/1FAIpQLScPlZ8pBJ5NWXTnFAxNNnatAyz400fQurjSgn_4zLAuh6tNYQ\/viewform?usp=header\"><strong>Formulaire d&rsquo;inscription<\/strong><\/a><\/div>\n<\/div>\n\n\n\n<p>Ce module d\u2019ateliers propose un v\u00e9ritable voyage int\u00e9rieur, guid\u00e9 par la cr\u00e9ativit\u00e9 et la bienveillance. Aucun pr\u00e9requis n\u00e9cessaire.\u00a0<\/p>\n\n\n\n<p>Au fil des s\u00e9ances, tu d\u00e9couvriras\u202f:<\/p>\n\n\n\n<p class=\"has-text-align-center\"><strong>31 Mars 2026 &#8211; <\/strong>Tes Racines et Forces en cr\u00e9ant ton arbre de vie<\/p>\n\n\n\n<p class=\"has-text-align-center\"><strong>7 Avril 2026 &#8211; <\/strong>Tes \u00c9motions en cr\u00e9ant ta propre roue des \u00e9motions en couleurs Naturelles<\/p>\n\n\n\n<p class=\"has-text-align-center\"><strong>14 Avril 2026 &#8211; <\/strong>Les Facettes de ton Identit\u00e9 en cr\u00e9ant un masque <\/p>\n\n\n\n<ul class=\"wp-block-list\">\n<li>50\u20ac par atelier ou 120\u20ac pour 3 ateliers<\/li>\n\n\n\n<li>Mat\u00e9riel inclus<\/li>\n\n\n\n<li>18h45 \u00e0 20h15<\/li>\n<\/ul>\n<\/div><\/div>\n\n\n\n<div class=\"wp-block-columns is-layout-flex wp-container-core-columns-is-layout-28f84493 wp-block-columns-is-layout-flex\">\n<div class=\"wp-block-column is-layout-flow wp-block-column-is-layout-flow\" style=\"flex-basis:50%\">\n<figure class=\"wp-block-image size-full\"><img loading=\"lazy\" decoding=\"async\" width=\"940\" height=\"788\" src=\"http:\/\/artethappy.be\/wp-content\/uploads\/2025\/11\/AH-Publications-FB-8-1.png\" alt=\"\" class=\"wp-image-145\" srcset=\"http:\/\/artethappy.be\/wp-content\/uploads\/2025\/11\/AH-Publications-FB-8-1.png 940w, http:\/\/artethappy.be\/wp-content\/uploads\/2025\/11\/AH-Publications-FB-8-1-300x251.png 300w, http:\/\/artethappy.be\/wp-content\/uploads\/2025\/11\/AH-Publications-FB-8-1-768x644.png 768w\" sizes=\"auto, (max-width: 940px) 100vw, 940px\" \/><\/figure>\n<\/div>\n\n\n\n<div class=\"wp-block-column is-layout-flow wp-block-column-is-layout-flow\" style=\"flex-basis:50%\">\n<figure class=\"wp-block-image size-full\"><img loading=\"lazy\" decoding=\"async\" width=\"940\" height=\"788\" src=\"http:\/\/artethappy.be\/wp-content\/uploads\/2025\/11\/AH-Publications-FB-7.png\" alt=\"\" class=\"wp-image-146\" srcset=\"http:\/\/artethappy.be\/wp-content\/uploads\/2025\/11\/AH-Publications-FB-7.png 940w, http:\/\/artethappy.be\/wp-content\/uploads\/2025\/11\/AH-Publications-FB-7-300x251.png 300w, http:\/\/artethappy.be\/wp-content\/uploads\/2025\/11\/AH-Publications-FB-7-768x644.png 768w\" sizes=\"auto, (max-width: 940px) 100vw, 940px\" \/><\/figure>\n<\/div>\n<\/div>\n\n\n\n<div class=\"wp-block-columns are-vertically-aligned-center is-layout-flex wp-container-core-columns-is-layout-28f84493 wp-block-columns-is-layout-flex\">\n<div class=\"wp-block-column is-vertically-aligned-center is-layout-flow wp-block-column-is-layout-flow\">\n<figure class=\"wp-block-image aligncenter size-large\"><img loading=\"lazy\" decoding=\"async\" width=\"1024\" height=\"314\" src=\"http:\/\/artethappy.be\/wp-content\/uploads\/2025\/10\/AH-Module-Art-Therapie-1-1024x314.png\" alt=\"\" class=\"wp-image-122\" srcset=\"http:\/\/artethappy.be\/wp-content\/uploads\/2025\/10\/AH-Module-Art-Therapie-1-1024x314.png 1024w, http:\/\/artethappy.be\/wp-content\/uploads\/2025\/10\/AH-Module-Art-Therapie-1-300x92.png 300w, http:\/\/artethappy.be\/wp-content\/uploads\/2025\/10\/AH-Module-Art-Therapie-1-768x236.png 768w, http:\/\/artethappy.be\/wp-content\/uploads\/2025\/10\/AH-Module-Art-Therapie-1.png 1200w\" sizes=\"auto, (max-width: 1024px) 100vw, 1024px\" \/><\/figure>\n<\/div>\n<\/div>\n\n\n\n<div class=\"wp-block-buttons is-content-justification-center is-layout-flex wp-container-core-buttons-is-layout-a89b3969 wp-block-buttons-is-layout-flex\">\n<div class=\"wp-block-button\"><a class=\"wp-block-button__link wp-element-button\" href=\"http:\/\/artethappy.be\/index.php\/conditions-generales\/\">Conditions G\u00e9n\u00e9rales<\/a><\/div>\n<\/div>\n","protected":false},"excerpt":{"rendered":"","protected":false},"author":1,"featured_media":58,"parent":0,"menu_order":0,"comment_status":"closed","ping_status":"closed","template":"","meta":{"footnotes":""},"class_list":["post-21","page","type-page","status-publish","has-post-thumbnail","hentry"],"_links":{"self":[{"href":"http:\/\/artethappy.be\/index.php\/wp-json\/wp\/v2\/pages\/21","targetHints":{"allow":["GET"]}}],"collection":[{"href":"http:\/\/artethappy.be\/index.php\/wp-json\/wp\/v2\/pages"}],"about":[{"href":"http:\/\/artethappy.be\/index.php\/wp-json\/wp\/v2\/types\/page"}],"author":[{"embeddable":true,"href":"http:\/\/artethappy.be\/index.php\/wp-json\/wp\/v2\/users\/1"}],"replies":[{"embeddable":true,"href":"http:\/\/artethappy.be\/index.php\/wp-json\/wp\/v2\/comments?post=21"}],"version-history":[{"count":36,"href":"http:\/\/artethappy.be\/index.php\/wp-json\/wp\/v2\/pages\/21\/revisions"}],"predecessor-version":[{"id":149,"href":"http:\/\/artethappy.be\/index.php\/wp-json\/wp\/v2\/pages\/21\/revisions\/149"}],"wp:featuredmedia":[{"embeddable":true,"href":"http:\/\/artethappy.be\/index.php\/wp-json\/wp\/v2\/media\/58"}],"wp:attachment":[{"href":"http:\/\/artethappy.be\/index.php\/wp-json\/wp\/v2\/media?parent=21"}],"curies":[{"name":"wp","href":"https:\/\/api.w.org\/{rel}","templated":true}]}}