{"id":2,"date":"2025-06-07T17:12:38","date_gmt":"2025-06-07T15:12:38","guid":{"rendered":"http:\/\/artethappy.be\/?page_id=2"},"modified":"2025-08-20T23:05:10","modified_gmt":"2025-08-20T21:05:10","slug":"a-propos","status":"publish","type":"page","link":"http:\/\/artethappy.be\/index.php\/a-propos\/","title":{"rendered":"A propos"},"content":{"rendered":"\n<div class=\"wp-block-media-text is-stacked-on-mobile\"><figure class=\"wp-block-media-text__media\"><img loading=\"lazy\" decoding=\"async\" width=\"940\" height=\"788\" src=\"http:\/\/artethappy.be\/wp-content\/uploads\/2025\/08\/AH-Publications-FB-1.png\" alt=\"\" class=\"wp-image-86 size-full\" srcset=\"http:\/\/artethappy.be\/wp-content\/uploads\/2025\/08\/AH-Publications-FB-1.png 940w, http:\/\/artethappy.be\/wp-content\/uploads\/2025\/08\/AH-Publications-FB-1-300x251.png 300w, http:\/\/artethappy.be\/wp-content\/uploads\/2025\/08\/AH-Publications-FB-1-768x644.png 768w\" sizes=\"auto, (max-width: 940px) 100vw, 940px\" \/><\/figure><div class=\"wp-block-media-text__content\">\n<p class=\"has-text-align-center\"><strong>L\u2019art-th\u00e9rapie est un ensemble de techniques d\u2019expressions au service du soin permettant, notamment, de communiquer ses ressentis, \u00e9motions ou ce qui est enfoui, suite aux traumatismes, aux stress, aux angoisses occasionn\u00e9s dans la vie. <\/strong><\/p>\n\n\n\n<p class=\"has-text-align-center\"><strong>\u00c0 l\u2019aide de m\u00e9diums techniques tels que la peinture, le dessin, le gribouillage, la sculpture, la photographie, l\u2019\u00e9criture, la danse, le th\u00e9\u00e2tre, la personne peut laisser partir ses anciens \u201cd\u00e9mons\u201d pour reprendre sa place dans la vie.<\/strong><\/p>\n<\/div><\/div>\n\n\n\n<div class=\"wp-block-media-text has-media-on-the-right is-stacked-on-mobile\"><div class=\"wp-block-media-text__content\">\n<p class=\"has-text-align-center\"><strong><strong>Que ce soit dans un cadre \u00e9ducatif, th\u00e9rapeutique ou ludique, je con\u00e7ois des ateliers sur mesure en m&rsquo;appuyant sur l\u2019\u00e9coute, la bienveillance et l\u2019expression artistique. <\/strong><\/strong><\/p>\n\n\n\n<p class=\"has-text-align-center\"><strong><strong>Chaque personne, quel que soit son \u00e2ge ou son v\u00e9cu, m\u00e9rite un espace d&rsquo;expression libre et s\u00e9curis\u00e9.<\/strong><\/strong><\/p>\n<\/div><figure class=\"wp-block-media-text__media\"><img loading=\"lazy\" decoding=\"async\" width=\"940\" height=\"788\" src=\"http:\/\/artethappy.be\/wp-content\/uploads\/2025\/08\/AH-Publications-FB-2.png\" alt=\"\" class=\"wp-image-87 size-full\" srcset=\"http:\/\/artethappy.be\/wp-content\/uploads\/2025\/08\/AH-Publications-FB-2.png 940w, http:\/\/artethappy.be\/wp-content\/uploads\/2025\/08\/AH-Publications-FB-2-300x251.png 300w, http:\/\/artethappy.be\/wp-content\/uploads\/2025\/08\/AH-Publications-FB-2-768x644.png 768w\" sizes=\"auto, (max-width: 940px) 100vw, 940px\" \/><\/figure><\/div>\n","protected":false},"excerpt":{"rendered":"<p>L\u2019art-th\u00e9rapie est un ensemble de techniques d\u2019expressions au service du soin permettant, notamment, de communiquer ses ressentis, \u00e9motions ou ce qui est enfoui, suite aux traumatismes, aux stress, aux angoisses occasionn\u00e9s dans la vie. \u00c0 l\u2019aide de m\u00e9diums techniques tels que la peinture, le dessin, le gribouillage, la sculpture, la photographie, l\u2019\u00e9criture, la danse, le [&hellip;]<\/p>\n","protected":false},"author":1,"featured_media":0,"parent":0,"menu_order":0,"comment_status":"closed","ping_status":"closed","template":"","meta":{"footnotes":""},"class_list":["post-2","page","type-page","status-publish","hentry"],"_links":{"self":[{"href":"http:\/\/artethappy.be\/index.php\/wp-json\/wp\/v2\/pages\/2","targetHints":{"allow":["GET"]}}],"collection":[{"href":"http:\/\/artethappy.be\/index.php\/wp-json\/wp\/v2\/pages"}],"about":[{"href":"http:\/\/artethappy.be\/index.php\/wp-json\/wp\/v2\/types\/page"}],"author":[{"embeddable":true,"href":"http:\/\/artethappy.be\/index.php\/wp-json\/wp\/v2\/users\/1"}],"replies":[{"embeddable":true,"href":"http:\/\/artethappy.be\/index.php\/wp-json\/wp\/v2\/comments?post=2"}],"version-history":[{"count":3,"href":"http:\/\/artethappy.be\/index.php\/wp-json\/wp\/v2\/pages\/2\/revisions"}],"predecessor-version":[{"id":88,"href":"http:\/\/artethappy.be\/index.php\/wp-json\/wp\/v2\/pages\/2\/revisions\/88"}],"wp:attachment":[{"href":"http:\/\/artethappy.be\/index.php\/wp-json\/wp\/v2\/media?parent=2"}],"curies":[{"name":"wp","href":"https:\/\/api.w.org\/{rel}","templated":true}]}}